{"id":15,"date":"2025-01-26T20:25:01","date_gmt":"2025-01-26T20:25:01","guid":{"rendered":"https:\/\/teatergruppen.dk\/?page_id=15"},"modified":"2026-03-23T17:54:33","modified_gmt":"2026-03-23T17:54:33","slug":"forside","status":"publish","type":"page","link":"https:\/\/teatergruppen.dk\/","title":{"rendered":"Forside"},"content":{"rendered":"\t\t<div data-elementor-type=\"wp-page\" data-elementor-id=\"15\" class=\"elementor elementor-15\">\n\t\t\t\t<div class=\"elementor-element elementor-element-1540a0a e-grid e-con-boxed rael-particle-no e-con e-parent\" data-id=\"1540a0a\" data-element_type=\"container\" data-e-type=\"container\" data-settings=\"{&quot;rae_animations_entrance&quot;:&quot;none&quot;}\">\n\t\t\t\t\t<div class=\"e-con-inner\">\n\t\t\t\t<div class=\"elementor-element elementor-element-cc522d7 elementor-widget__width-inherit elementor-widget elementor-widget-image\" data-id=\"cc522d7\" data-element_type=\"widget\" data-e-type=\"widget\" data-widget_type=\"image.default\">\n\t\t\t\t<div class=\"elementor-widget-container\">\n\t\t\t\t\t\t\t\t\t\t\t\t\t\t\t\t<a href=\"https:\/\/teatergruppen.dk\/wp-content\/uploads\/vennebilleder.png\" data-elementor-open-lightbox=\"yes\" data-elementor-lightbox-title=\"vennebilleder\" data-e-action-hash=\"#elementor-action%3Aaction%3Dlightbox%26settings%3DeyJpZCI6MTA5OCwidXJsIjoiaHR0cHM6XC9cL3RlYXRlcmdydXBwZW4uZGtcL3dwLWNvbnRlbnRcL3VwbG9hZHNcL3Zlbm5lYmlsbGVkZXIucG5nIn0%3D\">\n\t\t\t\t\t\t\t<img decoding=\"async\" src=\"https:\/\/teatergruppen.dk\/wp-content\/uploads\/vennebilleder.png\" title=\"vennebilleder\" alt=\"vennebilleder\" loading=\"lazy\" \/>\t\t\t\t\t\t\t\t<\/a>\n\t\t\t\t\t\t\t\t\t\t\t\t\t\t\t<\/div>\n\t\t\t\t<\/div>\n\t\t\t\t<div class=\"elementor-element elementor-element-7126bad elementor-widget elementor-widget-text-editor\" data-id=\"7126bad\" data-element_type=\"widget\" data-e-type=\"widget\" data-widget_type=\"text-editor.default\">\n\t\t\t\t<div class=\"elementor-widget-container\">\n\t\t\t\t\t\t\t\t\t<p>En stor tak til vort fantastiske publikum, der var med til at g\u00f8re de tre fremf\u00f8relser af vores 2026-forestilling &#8220;Vennebilleder&#8221; til en succes.<\/p>\n<div>N\u00e6ste s\u00e6son holder vi forestillinger<strong> 12. og 13. marts 2027<\/strong>.<\/div>\n<div>&nbsp;<\/div>\n<div>Vi starter s\u00e6sonen med kick-off i november, som vi plejer &#8211; og har man ikke v\u00e6ret med hos os f\u00f8r, men har fundet ud af, at man har en skuespiller, kulissemager, kostumier eller lignende i maven, \u00e5bner vi for tilmeldinger til 2027-s\u00e6sonen efter vores generalforsamling i maj.<\/div>\n<div>&nbsp;<\/div>\n<div>Vi optager b\u00f8rn startende fra 2. klasse &#8211; g\u00e5r man under 7. klasse, eller er man med for f\u00f8rste gang, er det et krav, at man har mindst en af sine for\u00e6ldre med til \u00f8vegangene.&nbsp;<\/div>\n<div>&nbsp;<\/div>\n<div>F\u00f8lg med <a href=\"https:\/\/www.facebook.com\/groups\/1492497155305213\">p\u00e5 Facebook<\/a> eller her p\u00e5 hjemmesiden, n\u00e5r tiden kommer.<\/div>\n<div style=\"display: none;\">&nbsp;<\/div>\n<div id=\"uv6a273\" style=\"display: none;\">&nbsp;<\/div>\t\t\t\t\t\t\t\t<\/div>\n\t\t\t\t<\/div>\n\t\t\t\t\t<\/div>\n\t\t\t\t<\/div>\n\t\t<div class=\"elementor-element elementor-element-ab394b1 e-flex e-con-boxed rael-particle-no e-con e-parent\" data-id=\"ab394b1\" data-element_type=\"container\" data-e-type=\"container\" data-settings=\"{&quot;rae_animations_entrance&quot;:&quot;none&quot;}\">\n\t\t\t\t\t<div class=\"e-con-inner\">\n\t\t\t\t<div class=\"elementor-element elementor-element-7718c0c elementor-widget elementor-widget-heading\" data-id=\"7718c0c\" data-element_type=\"widget\" data-e-type=\"widget\" data-widget_type=\"heading.default\">\n\t\t\t\t<div class=\"elementor-widget-container\">\n\t\t\t\t\t<h2 class=\"elementor-heading-title elementor-size-default\">Bag og p\u00e5 scenen fra tidligere \u00e5r<\/h2>\t\t\t\t<\/div>\n\t\t\t\t<\/div>\n\t\t\t\t<div class=\"elementor-element elementor-element-7a96f6e elementor-widget__width-auto elementor-arrows-position-inside elementor-pagination-position-outside elementor-widget elementor-widget-image-carousel\" data-id=\"7a96f6e\" data-element_type=\"widget\" data-e-type=\"widget\" data-settings=\"{&quot;lazyload&quot;:&quot;yes&quot;,&quot;navigation&quot;:&quot;both&quot;,&quot;autoplay&quot;:&quot;yes&quot;,&quot;pause_on_hover&quot;:&quot;yes&quot;,&quot;pause_on_interaction&quot;:&quot;yes&quot;,&quot;autoplay_speed&quot;:5000,&quot;infinite&quot;:&quot;yes&quot;,&quot;speed&quot;:500}\" data-widget_type=\"image-carousel.default\">\n\t\t\t\t<div class=\"elementor-widget-container\">\n\t\t\t\t\t\t\t<div class=\"elementor-image-carousel-wrapper swiper\" role=\"region\" aria-roledescription=\"carousel\" aria-label=\"Billedkarussel\" dir=\"ltr\">\n\t\t\t<div class=\"elementor-image-carousel swiper-wrapper\" aria-live=\"off\">\n\t\t\t\t\t\t\t\t<div class=\"swiper-slide\" role=\"group\" aria-roledescription=\"slide\" aria-label=\"1 of 16\"><a data-elementor-open-lightbox=\"yes\" data-elementor-lightbox-slideshow=\"7a96f6e\" data-elementor-lightbox-title=\"_DSC0151\" data-e-action-hash=\"#elementor-action%3Aaction%3Dlightbox%26settings%3DeyJpZCI6OTc5LCJ1cmwiOiJodHRwczpcL1wvdGVhdGVyZ3J1cHBlbi5ka1wvd3AtY29udGVudFwvdXBsb2Fkc1wvRFNDMDE1MS5qcGciLCJzbGlkZXNob3ciOiI3YTk2ZjZlIn0%3D\" href=\"https:\/\/teatergruppen.dk\/wp-content\/uploads\/DSC0151.jpg\"><figure class=\"swiper-slide-inner\"><img class=\"swiper-slide-image swiper-lazy\" data-src=\"https:\/\/teatergruppen.dk\/wp-content\/uploads\/DSC0151-300x199.jpg\" alt=\"_DSC0151\" \/><div class=\"swiper-lazy-preloader\"><\/div><\/figure><\/a><\/div><div class=\"swiper-slide\" role=\"group\" aria-roledescription=\"slide\" aria-label=\"2 of 16\"><a data-elementor-open-lightbox=\"yes\" data-elementor-lightbox-slideshow=\"7a96f6e\" data-elementor-lightbox-title=\"_DSC0282\" data-e-action-hash=\"#elementor-action%3Aaction%3Dlightbox%26settings%3DeyJpZCI6OTgyLCJ1cmwiOiJodHRwczpcL1wvdGVhdGVyZ3J1cHBlbi5ka1wvd3AtY29udGVudFwvdXBsb2Fkc1wvRFNDMDI4Mi5qcGciLCJzbGlkZXNob3ciOiI3YTk2ZjZlIn0%3D\" href=\"https:\/\/teatergruppen.dk\/wp-content\/uploads\/DSC0282.jpg\"><figure class=\"swiper-slide-inner\"><img class=\"swiper-slide-image swiper-lazy\" data-src=\"https:\/\/teatergruppen.dk\/wp-content\/uploads\/DSC0282-300x199.jpg\" alt=\"_DSC0282\" \/><div class=\"swiper-lazy-preloader\"><\/div><\/figure><\/a><\/div><div class=\"swiper-slide\" role=\"group\" aria-roledescription=\"slide\" aria-label=\"3 of 16\"><a data-elementor-open-lightbox=\"yes\" data-elementor-lightbox-slideshow=\"7a96f6e\" data-elementor-lightbox-title=\"20170324-157A0246\" data-e-action-hash=\"#elementor-action%3Aaction%3Dlightbox%26settings%3DeyJpZCI6NDEwLCJ1cmwiOiJodHRwczpcL1wvdGVhdGVyZ3J1cHBlbi5ka1wvd3AtY29udGVudFwvdXBsb2Fkc1wvMjAxNzAzMjQtMTU3QTAyNDYuanBnIiwic2xpZGVzaG93IjoiN2E5NmY2ZSJ9\" href=\"https:\/\/teatergruppen.dk\/wp-content\/uploads\/20170324-157A0246.jpg\"><figure class=\"swiper-slide-inner\"><img class=\"swiper-slide-image swiper-lazy\" data-src=\"https:\/\/teatergruppen.dk\/wp-content\/uploads\/20170324-157A0246-300x200.jpg\" alt=\"20170324-157A0246\" \/><div class=\"swiper-lazy-preloader\"><\/div><\/figure><\/a><\/div><div class=\"swiper-slide\" role=\"group\" aria-roledescription=\"slide\" aria-label=\"4 of 16\"><a data-elementor-open-lightbox=\"yes\" data-elementor-lightbox-slideshow=\"7a96f6e\" data-elementor-lightbox-title=\"_DSC0034\" data-e-action-hash=\"#elementor-action%3Aaction%3Dlightbox%26settings%3DeyJpZCI6OTc2LCJ1cmwiOiJodHRwczpcL1wvdGVhdGVyZ3J1cHBlbi5ka1wvd3AtY29udGVudFwvdXBsb2Fkc1wvRFNDMDAzNC5qcGciLCJzbGlkZXNob3ciOiI3YTk2ZjZlIn0%3D\" href=\"https:\/\/teatergruppen.dk\/wp-content\/uploads\/DSC0034.jpg\"><figure class=\"swiper-slide-inner\"><img class=\"swiper-slide-image swiper-lazy\" data-src=\"https:\/\/teatergruppen.dk\/wp-content\/uploads\/DSC0034-300x199.jpg\" alt=\"_DSC0034\" \/><div class=\"swiper-lazy-preloader\"><\/div><\/figure><\/a><\/div><div class=\"swiper-slide\" role=\"group\" aria-roledescription=\"slide\" aria-label=\"5 of 16\"><a data-elementor-open-lightbox=\"yes\" data-elementor-lightbox-slideshow=\"7a96f6e\" data-elementor-lightbox-title=\"_DSC0375\" data-e-action-hash=\"#elementor-action%3Aaction%3Dlightbox%26settings%3DeyJpZCI6OTg0LCJ1cmwiOiJodHRwczpcL1wvdGVhdGVyZ3J1cHBlbi5ka1wvd3AtY29udGVudFwvdXBsb2Fkc1wvRFNDMDM3NS5qcGciLCJzbGlkZXNob3ciOiI3YTk2ZjZlIn0%3D\" href=\"https:\/\/teatergruppen.dk\/wp-content\/uploads\/DSC0375.jpg\"><figure class=\"swiper-slide-inner\"><img class=\"swiper-slide-image swiper-lazy\" data-src=\"https:\/\/teatergruppen.dk\/wp-content\/uploads\/DSC0375-300x199.jpg\" alt=\"_DSC0375\" \/><div class=\"swiper-lazy-preloader\"><\/div><\/figure><\/a><\/div><div class=\"swiper-slide\" role=\"group\" aria-roledescription=\"slide\" aria-label=\"6 of 16\"><a data-elementor-open-lightbox=\"yes\" data-elementor-lightbox-slideshow=\"7a96f6e\" data-elementor-lightbox-title=\"20170325-157A0684\" data-e-action-hash=\"#elementor-action%3Aaction%3Dlightbox%26settings%3DeyJpZCI6NDEyLCJ1cmwiOiJodHRwczpcL1wvdGVhdGVyZ3J1cHBlbi5ka1wvd3AtY29udGVudFwvdXBsb2Fkc1wvMjAxNzAzMjUtMTU3QTA2ODQuanBnIiwic2xpZGVzaG93IjoiN2E5NmY2ZSJ9\" href=\"https:\/\/teatergruppen.dk\/wp-content\/uploads\/20170325-157A0684.jpg\"><figure class=\"swiper-slide-inner\"><img class=\"swiper-slide-image swiper-lazy\" data-src=\"https:\/\/teatergruppen.dk\/wp-content\/uploads\/20170325-157A0684-300x200.jpg\" alt=\"20170325-157A0684\" \/><div class=\"swiper-lazy-preloader\"><\/div><\/figure><\/a><\/div><div class=\"swiper-slide\" role=\"group\" aria-roledescription=\"slide\" aria-label=\"7 of 16\"><a data-elementor-open-lightbox=\"yes\" data-elementor-lightbox-slideshow=\"7a96f6e\" data-elementor-lightbox-title=\"_DSC0206\" data-e-action-hash=\"#elementor-action%3Aaction%3Dlightbox%26settings%3DeyJpZCI6OTgwLCJ1cmwiOiJodHRwczpcL1wvdGVhdGVyZ3J1cHBlbi5ka1wvd3AtY29udGVudFwvdXBsb2Fkc1wvRFNDMDIwNi5qcGciLCJzbGlkZXNob3ciOiI3YTk2ZjZlIn0%3D\" href=\"https:\/\/teatergruppen.dk\/wp-content\/uploads\/DSC0206.jpg\"><figure class=\"swiper-slide-inner\"><img class=\"swiper-slide-image swiper-lazy\" data-src=\"https:\/\/teatergruppen.dk\/wp-content\/uploads\/DSC0206-300x199.jpg\" alt=\"_DSC0206\" \/><div class=\"swiper-lazy-preloader\"><\/div><\/figure><\/a><\/div><div class=\"swiper-slide\" role=\"group\" aria-roledescription=\"slide\" aria-label=\"8 of 16\"><a data-elementor-open-lightbox=\"yes\" data-elementor-lightbox-slideshow=\"7a96f6e\" data-elementor-lightbox-title=\"20170325-157A0753\" data-e-action-hash=\"#elementor-action%3Aaction%3Dlightbox%26settings%3DeyJpZCI6NDEzLCJ1cmwiOiJodHRwczpcL1wvdGVhdGVyZ3J1cHBlbi5ka1wvd3AtY29udGVudFwvdXBsb2Fkc1wvMjAxNzAzMjUtMTU3QTA3NTMuanBnIiwic2xpZGVzaG93IjoiN2E5NmY2ZSJ9\" href=\"https:\/\/teatergruppen.dk\/wp-content\/uploads\/20170325-157A0753.jpg\"><figure class=\"swiper-slide-inner\"><img class=\"swiper-slide-image swiper-lazy\" data-src=\"https:\/\/teatergruppen.dk\/wp-content\/uploads\/20170325-157A0753-300x200.jpg\" alt=\"20170325-157A0753\" \/><div class=\"swiper-lazy-preloader\"><\/div><\/figure><\/a><\/div><div class=\"swiper-slide\" role=\"group\" aria-roledescription=\"slide\" aria-label=\"9 of 16\"><a data-elementor-open-lightbox=\"yes\" data-elementor-lightbox-slideshow=\"7a96f6e\" data-elementor-lightbox-title=\"DSC_0346\" data-e-action-hash=\"#elementor-action%3Aaction%3Dlightbox%26settings%3DeyJpZCI6NDE1LCJ1cmwiOiJodHRwczpcL1wvdGVhdGVyZ3J1cHBlbi5ka1wvd3AtY29udGVudFwvdXBsb2Fkc1wvRFNDXzAzNDYuanBnIiwic2xpZGVzaG93IjoiN2E5NmY2ZSJ9\" href=\"https:\/\/teatergruppen.dk\/wp-content\/uploads\/DSC_0346.jpg\"><figure class=\"swiper-slide-inner\"><img class=\"swiper-slide-image swiper-lazy\" data-src=\"https:\/\/teatergruppen.dk\/wp-content\/uploads\/DSC_0346-300x199.jpg\" alt=\"DSC_0346\" \/><div class=\"swiper-lazy-preloader\"><\/div><\/figure><\/a><\/div><div class=\"swiper-slide\" role=\"group\" aria-roledescription=\"slide\" aria-label=\"10 of 16\"><a data-elementor-open-lightbox=\"yes\" data-elementor-lightbox-slideshow=\"7a96f6e\" data-elementor-lightbox-title=\"DSC_0375\" data-e-action-hash=\"#elementor-action%3Aaction%3Dlightbox%26settings%3DeyJpZCI6NDE3LCJ1cmwiOiJodHRwczpcL1wvdGVhdGVyZ3J1cHBlbi5ka1wvd3AtY29udGVudFwvdXBsb2Fkc1wvRFNDXzAzNzUuanBnIiwic2xpZGVzaG93IjoiN2E5NmY2ZSJ9\" href=\"https:\/\/teatergruppen.dk\/wp-content\/uploads\/DSC_0375.jpg\"><figure class=\"swiper-slide-inner\"><img class=\"swiper-slide-image swiper-lazy\" data-src=\"https:\/\/teatergruppen.dk\/wp-content\/uploads\/DSC_0375-300x199.jpg\" alt=\"DSC_0375\" \/><div class=\"swiper-lazy-preloader\"><\/div><\/figure><\/a><\/div><div class=\"swiper-slide\" role=\"group\" aria-roledescription=\"slide\" aria-label=\"11 of 16\"><a data-elementor-open-lightbox=\"yes\" data-elementor-lightbox-slideshow=\"7a96f6e\" data-elementor-lightbox-title=\"20170325-157A0652\" data-e-action-hash=\"#elementor-action%3Aaction%3Dlightbox%26settings%3DeyJpZCI6NDExLCJ1cmwiOiJodHRwczpcL1wvdGVhdGVyZ3J1cHBlbi5ka1wvd3AtY29udGVudFwvdXBsb2Fkc1wvMjAxNzAzMjUtMTU3QTA2NTIuanBnIiwic2xpZGVzaG93IjoiN2E5NmY2ZSJ9\" href=\"https:\/\/teatergruppen.dk\/wp-content\/uploads\/20170325-157A0652.jpg\"><figure class=\"swiper-slide-inner\"><img class=\"swiper-slide-image swiper-lazy\" data-src=\"https:\/\/teatergruppen.dk\/wp-content\/uploads\/20170325-157A0652-300x200.jpg\" alt=\"20170325-157A0652\" \/><div class=\"swiper-lazy-preloader\"><\/div><\/figure><\/a><\/div><div class=\"swiper-slide\" role=\"group\" aria-roledescription=\"slide\" aria-label=\"12 of 16\"><a data-elementor-open-lightbox=\"yes\" data-elementor-lightbox-slideshow=\"7a96f6e\" data-elementor-lightbox-title=\"_DSC0092\" data-e-action-hash=\"#elementor-action%3Aaction%3Dlightbox%26settings%3DeyJpZCI6OTc3LCJ1cmwiOiJodHRwczpcL1wvdGVhdGVyZ3J1cHBlbi5ka1wvd3AtY29udGVudFwvdXBsb2Fkc1wvRFNDMDA5Mi5qcGciLCJzbGlkZXNob3ciOiI3YTk2ZjZlIn0%3D\" href=\"https:\/\/teatergruppen.dk\/wp-content\/uploads\/DSC0092.jpg\"><figure class=\"swiper-slide-inner\"><img class=\"swiper-slide-image swiper-lazy\" data-src=\"https:\/\/teatergruppen.dk\/wp-content\/uploads\/DSC0092-300x199.jpg\" alt=\"_DSC0092\" \/><div class=\"swiper-lazy-preloader\"><\/div><\/figure><\/a><\/div><div class=\"swiper-slide\" role=\"group\" aria-roledescription=\"slide\" aria-label=\"13 of 16\"><a data-elementor-open-lightbox=\"yes\" data-elementor-lightbox-slideshow=\"7a96f6e\" data-elementor-lightbox-title=\"IMG_3961\" data-e-action-hash=\"#elementor-action%3Aaction%3Dlightbox%26settings%3DeyJpZCI6NDIwLCJ1cmwiOiJodHRwczpcL1wvdGVhdGVyZ3J1cHBlbi5ka1wvd3AtY29udGVudFwvdXBsb2Fkc1wvSU1HXzM5NjEtcm90YXRlZC5qcGciLCJzbGlkZXNob3ciOiI3YTk2ZjZlIn0%3D\" href=\"https:\/\/teatergruppen.dk\/wp-content\/uploads\/IMG_3961-rotated.jpg\"><figure class=\"swiper-slide-inner\"><img class=\"swiper-slide-image swiper-lazy\" data-src=\"https:\/\/teatergruppen.dk\/wp-content\/uploads\/IMG_3961-225x300.jpg\" alt=\"IMG_3961\" \/><div class=\"swiper-lazy-preloader\"><\/div><\/figure><\/a><\/div><div class=\"swiper-slide\" role=\"group\" aria-roledescription=\"slide\" aria-label=\"14 of 16\"><a data-elementor-open-lightbox=\"yes\" data-elementor-lightbox-slideshow=\"7a96f6e\" data-elementor-lightbox-title=\"_DSC0124\" data-e-action-hash=\"#elementor-action%3Aaction%3Dlightbox%26settings%3DeyJpZCI6OTc4LCJ1cmwiOiJodHRwczpcL1wvdGVhdGVyZ3J1cHBlbi5ka1wvd3AtY29udGVudFwvdXBsb2Fkc1wvRFNDMDEyNC5qcGciLCJzbGlkZXNob3ciOiI3YTk2ZjZlIn0%3D\" href=\"https:\/\/teatergruppen.dk\/wp-content\/uploads\/DSC0124.jpg\"><figure class=\"swiper-slide-inner\"><img class=\"swiper-slide-image swiper-lazy\" data-src=\"https:\/\/teatergruppen.dk\/wp-content\/uploads\/DSC0124-300x199.jpg\" alt=\"_DSC0124\" \/><div class=\"swiper-lazy-preloader\"><\/div><\/figure><\/a><\/div><div class=\"swiper-slide\" role=\"group\" aria-roledescription=\"slide\" aria-label=\"15 of 16\"><a data-elementor-open-lightbox=\"yes\" data-elementor-lightbox-slideshow=\"7a96f6e\" data-elementor-lightbox-title=\"DSC_0365\" data-e-action-hash=\"#elementor-action%3Aaction%3Dlightbox%26settings%3DeyJpZCI6NDE2LCJ1cmwiOiJodHRwczpcL1wvdGVhdGVyZ3J1cHBlbi5ka1wvd3AtY29udGVudFwvdXBsb2Fkc1wvRFNDXzAzNjUuanBnIiwic2xpZGVzaG93IjoiN2E5NmY2ZSJ9\" href=\"https:\/\/teatergruppen.dk\/wp-content\/uploads\/DSC_0365.jpg\"><figure class=\"swiper-slide-inner\"><img class=\"swiper-slide-image swiper-lazy\" data-src=\"https:\/\/teatergruppen.dk\/wp-content\/uploads\/DSC_0365-300x199.jpg\" alt=\"DSC_0365\" \/><div class=\"swiper-lazy-preloader\"><\/div><\/figure><\/a><\/div><div class=\"swiper-slide\" role=\"group\" aria-roledescription=\"slide\" aria-label=\"16 of 16\"><a data-elementor-open-lightbox=\"yes\" data-elementor-lightbox-slideshow=\"7a96f6e\" data-elementor-lightbox-title=\"IMG_3287_2\" data-e-action-hash=\"#elementor-action%3Aaction%3Dlightbox%26settings%3DeyJpZCI6NDE5LCJ1cmwiOiJodHRwczpcL1wvdGVhdGVyZ3J1cHBlbi5ka1wvd3AtY29udGVudFwvdXBsb2Fkc1wvSU1HXzMyODdfMi5qcGciLCJzbGlkZXNob3ciOiI3YTk2ZjZlIn0%3D\" href=\"https:\/\/teatergruppen.dk\/wp-content\/uploads\/IMG_3287_2.jpg\"><figure class=\"swiper-slide-inner\"><img class=\"swiper-slide-image swiper-lazy\" data-src=\"https:\/\/teatergruppen.dk\/wp-content\/uploads\/IMG_3287_2-300x189.jpg\" alt=\"IMG_3287_2\" \/><div class=\"swiper-lazy-preloader\"><\/div><\/figure><\/a><\/div>\t\t\t<\/div>\n\t\t\t\t\t\t\t\t\t\t\t\t<div class=\"elementor-swiper-button elementor-swiper-button-prev\" role=\"button\" tabindex=\"0\">\n\t\t\t\t\t\t<svg aria-hidden=\"true\" class=\"e-font-icon-svg e-eicon-chevron-left\" viewBox=\"0 0 1000 1000\" xmlns=\"http:\/\/www.w3.org\/2000\/svg\"><path d=\"M646 125C629 125 613 133 604 142L308 442C296 454 292 471 292 487 292 504 296 521 308 533L604 854C617 867 629 875 646 875 663 875 679 871 692 858 704 846 713 829 713 812 713 796 708 779 692 767L438 487 692 225C700 217 708 204 708 187 708 171 704 154 692 142 675 129 663 125 646 125Z\"><\/path><\/svg>\t\t\t\t\t<\/div>\n\t\t\t\t\t<div class=\"elementor-swiper-button elementor-swiper-button-next\" role=\"button\" tabindex=\"0\">\n\t\t\t\t\t\t<svg aria-hidden=\"true\" class=\"e-font-icon-svg e-eicon-chevron-right\" viewBox=\"0 0 1000 1000\" xmlns=\"http:\/\/www.w3.org\/2000\/svg\"><path d=\"M696 533C708 521 713 504 713 487 713 471 708 454 696 446L400 146C388 133 375 125 354 125 338 125 325 129 313 142 300 154 292 171 292 187 292 204 296 221 308 233L563 492 304 771C292 783 288 800 288 817 288 833 296 850 308 863 321 871 338 875 354 875 371 875 388 867 400 854L696 533Z\"><\/path><\/svg>\t\t\t\t\t<\/div>\n\t\t\t\t\n\t\t\t\t\t\t\t\t\t<div class=\"swiper-pagination\"><\/div>\n\t\t\t\t\t\t\t\t\t<\/div>\n\t\t\t\t\t\t<\/div>\n\t\t\t\t<\/div>\n\t\t\t\t<div class=\"elementor-element elementor-element-c9fafd9 elementor-widget elementor-widget-text-editor\" data-id=\"c9fafd9\" data-element_type=\"widget\" data-e-type=\"widget\" data-widget_type=\"text-editor.default\">\n\t\t\t\t<div class=\"elementor-widget-container\">\n\t\t\t\t\t\t\t\t\t<p>&#8220;I vores 2026-forestilling &#8220;Vennebilleder&#8221; fulgte vi i fire scener vore to hovedpersoner Marie Zol\u00e0 og Freja Olsen, fra deres familier l\u00e6rer hinanden at kende ved deres barned\u00e5b; over ungdomstiden, hvor pigerne bliver rygende uvenner ved en forf\u00e6rdelig misforst\u00e5else. Som noget nyt i Teatergruppens historie blev scene 3 opf\u00f8rt som et sketchshow, hvor skuespillerne fra de \u00f8vrige scener opf\u00f8rer glimt fra tiden mellem ungdom og alderdom, hvor velmenende venner forg\u00e6ves s\u00f8ger at bringe dem sammen igen, indtil Freja og Marie og deres familier tilsidst forsones p\u00e5 plejehjemmet i slutscenen, i tide til en lykkelig afslutning p\u00e5 stykket.<\/p><div id=\"t1jli2cs\" style=\"display: none;\">\u00a0<\/div><div id=\"uv6a273\" style=\"display: none;\">\u00a0<\/div>\t\t\t\t\t\t\t\t<\/div>\n\t\t\t\t<\/div>\n\t\t\t\t\t<\/div>\n\t\t\t\t<\/div>\n\t\t\t\t<\/div>\n\t\t","protected":false},"excerpt":{"rendered":"<p>En stor tak til vort fantastiske publikum, der var med til at g\u00f8re de tre fremf\u00f8relser af vores 2026-forestilling &#8220;Vennebilleder&#8221; til en succes. N\u00e6ste s\u00e6son holder vi forestillinger 12. og 13. marts 2027. &nbsp; Vi starter s\u00e6sonen med kick-off i november, som vi plejer &#8211; og har man ikke v\u00e6ret med hos os f\u00f8r, men [&hellip;]<\/p>\n","protected":false},"author":1,"featured_media":0,"parent":0,"menu_order":0,"comment_status":"closed","ping_status":"closed","template":"","meta":{"footnotes":""},"class_list":["post-15","page","type-page","status-publish","hentry"],"_links":{"self":[{"href":"https:\/\/teatergruppen.dk\/index.php\/wp-json\/wp\/v2\/pages\/15","targetHints":{"allow":["GET"]}}],"collection":[{"href":"https:\/\/teatergruppen.dk\/index.php\/wp-json\/wp\/v2\/pages"}],"about":[{"href":"https:\/\/teatergruppen.dk\/index.php\/wp-json\/wp\/v2\/types\/page"}],"author":[{"embeddable":true,"href":"https:\/\/teatergruppen.dk\/index.php\/wp-json\/wp\/v2\/users\/1"}],"replies":[{"embeddable":true,"href":"https:\/\/teatergruppen.dk\/index.php\/wp-json\/wp\/v2\/comments?post=15"}],"version-history":[{"count":127,"href":"https:\/\/teatergruppen.dk\/index.php\/wp-json\/wp\/v2\/pages\/15\/revisions"}],"predecessor-version":[{"id":1121,"href":"https:\/\/teatergruppen.dk\/index.php\/wp-json\/wp\/v2\/pages\/15\/revisions\/1121"}],"wp:attachment":[{"href":"https:\/\/teatergruppen.dk\/index.php\/wp-json\/wp\/v2\/media?parent=15"}],"curies":[{"name":"wp","href":"https:\/\/api.w.org\/{rel}","templated":true}]}}